{"id":1361,"date":"2023-03-22T07:36:16","date_gmt":"2023-03-22T06:36:16","guid":{"rendered":"https:\/\/libra-partners.pl\/o-nas\/"},"modified":"2023-06-12T13:49:42","modified_gmt":"2023-06-12T11:49:42","slug":"o-nas","status":"publish","type":"page","link":"https:\/\/libra-partners.pl\/de\/o-nas\/","title":{"rendered":"\u00dcber uns"},"content":{"rendered":"\t\t<div data-elementor-type=\"wp-page\" data-elementor-id=\"1361\" class=\"elementor elementor-1361 elementor-57\">\n\t\t\t\t\t\t<div class=\"elementor-inner\">\n\t\t\t\t<div class=\"elementor-section-wrap\">\n\t\t\t\t\t\t\t\t\t<section class=\"elementor-section elementor-top-section elementor-element elementor-element-682783ec elementor-section-boxed elementor-section-height-default elementor-section-height-default\" data-id=\"682783ec\" data-element_type=\"section\">\n\t\t\t\t\t\t<div class=\"elementor-container elementor-column-gap-default\">\n\t\t\t\t\t\t\t<div class=\"elementor-row\">\n\t\t\t\t\t<div class=\"elementor-column elementor-col-100 elementor-top-column elementor-element elementor-element-685def42\" data-id=\"685def42\" data-element_type=\"column\">\n\t\t\t<div class=\"elementor-column-wrap elementor-element-populated\">\n\t\t\t\t\t\t\t<div class=\"elementor-widget-wrap\">\n\t\t\t\t\t\t<div class=\"elementor-element elementor-element-5fe052ac elementor-widget__width-auto elementor-widget-divider--view-line elementor-widget elementor-widget-divider\" data-id=\"5fe052ac\" data-element_type=\"widget\" data-widget_type=\"divider.default\">\n\t\t\t\t<div class=\"elementor-widget-container\">\n\t\t\t\t\t<div class=\"elementor-divider\">\n\t\t\t<span class=\"elementor-divider-separator\">\n\t\t\t\t\t\t<\/span>\n\t\t<\/div>\n\t\t\t\t<\/div>\n\t\t\t\t<\/div>\n\t\t\t\t<div class=\"elementor-element elementor-element-2ae816a elementor-widget__width-auto elementor-widget elementor-widget-heading\" data-id=\"2ae816a\" data-element_type=\"widget\" data-widget_type=\"heading.default\">\n\t\t\t\t<div class=\"elementor-widget-container\">\n\t\t\t<h2 class=\"elementor-heading-title elementor-size-default\">\u00dcber uns<\/h2>\t\t<\/div>\n\t\t\t\t<\/div>\n\t\t\t\t\t\t<\/div>\n\t\t\t\t\t<\/div>\n\t\t<\/div>\n\t\t\t\t\t\t\t\t<\/div>\n\t\t\t\t\t<\/div>\n\t\t<\/section>\n\t\t\t\t<section class=\"elementor-section elementor-top-section elementor-element elementor-element-144aa91e elementor-section-boxed elementor-section-height-default elementor-section-height-default\" data-id=\"144aa91e\" data-element_type=\"section\">\n\t\t\t\t\t\t<div class=\"elementor-container elementor-column-gap-default\">\n\t\t\t\t\t\t\t<div class=\"elementor-row\">\n\t\t\t\t\t<div class=\"elementor-column elementor-col-100 elementor-top-column elementor-element elementor-element-648c724c\" data-id=\"648c724c\" data-element_type=\"column\">\n\t\t\t<div class=\"elementor-column-wrap elementor-element-populated\">\n\t\t\t\t\t\t\t<div class=\"elementor-widget-wrap\">\n\t\t\t\t\t\t<div class=\"elementor-element elementor-element-10939143 elementor-widget elementor-widget-text-editor\" data-id=\"10939143\" data-element_type=\"widget\" data-widget_type=\"text-editor.default\">\n\t\t\t\t<div class=\"elementor-widget-container\">\n\t\t\t\t\t\t\t\t<div class=\"elementor-text-editor elementor-clearfix\">\n\t\t\t\t<p>LIBRA PARTNERS wurde von Maciej W\u0142odarczyk und Rafa\u0142 Szarza\u0142a gegr\u00fcndet und geh\u00f6rt zur SZARPOL-Gruppe mit Sitz in Sieradz. <br \/>Bisher bestand die T\u00e4tigkeit der 1994 von Dr. J\u00f3zef Szarza\u0142a gegr\u00fcndeten SZARPOL-Gruppe in der Herstellung von Vliesstoffen aus Kunststoff \u2013 Polypropylen. Seitdem verf\u00fcgt SZARPOL \u00fcber eine stabile und etablierte Marktposition in der Produktion von Spinnvliesstoffen.<br \/>LIBRA PARTNERS ist das Ergebnis der Suche nach L\u00f6sungen, die es uns erm\u00f6glichen, ein innovatives Produkt anzubieten, das noch nicht von anderen Unternehmen angeboten wird. <br \/>Die Mission von LIBRA PARTNERS besteht darin, ein wichtiger Akteur im Bereich der nachhaltigen Entwicklung zu werden, ein Konzept, das durch die Herstellung innovativer Transportpaletten aus recycelten Materialien zweifellos die Leitlinien des Unternehmens in der kommenden Generation pr\u00e4gen wird.<\/p>\n<p>Ziel der recycelten Kunststoffpaletten von LIBRA PARTNERS ist es, die Umweltauswirkungen der Logistikabl\u00e4ufe unserer Kunden zu verbessern, indem wir sie in folgenden Aspekten einsetzen:<br \/>&#8211; Reduzierung der CO2-Emissionen beim Warentransport durch geringeren Einsatz fossiler Brennstoffe aufgrund ihres geringeren Gewichts im Vergleich zu alternativen Holzpaletten.<br \/>&#8211; Wiederherstellung des Gleichgewichts zwischen erzeugtem Abfall und verwertetem Abfall. Jede unserer L\u00f6sungen gibt Abf\u00e4llen aus anderen Verwendungszwecken, wie z. B. Verpackungen, einen neuen Lebenszyklus.<br \/>&#8211; Vermeiden Sie Altabf\u00e4lle, indem Sie unsere L\u00f6sungen recyceln, die nie auf einer M\u00fclldeponie landen.<br \/>&#8211; Reduzierung des CO2-Fu\u00dfabdrucks von Logistikaktivit\u00e4ten durch Reduzierung des Kraftstoff- und Energieverbrauchs der Transportmittel sowie durch eine l\u00e4ngere Lebensdauer im Vergleich zu Holzpaletten.<br \/>Dank der Herstellung von Paletten aus recyceltem HDPE-Rohstoff passt LIBRA PARTNERS perfekt zu den Prinzipien der nachhaltigen Entwicklung, der Zirkularit\u00e4t und den 6R-Prinzipien.<\/p>\n\t\t\t\t\t<\/div>\n\t\t\t\t\t\t<\/div>\n\t\t\t\t<\/div>\n\t\t\t\t\t\t<\/div>\n\t\t\t\t\t<\/div>\n\t\t<\/div>\n\t\t\t\t\t\t\t\t<\/div>\n\t\t\t\t\t<\/div>\n\t\t<\/section>\n\t\t\t\t<section class=\"elementor-section elementor-top-section elementor-element elementor-element-20a37eb5 d-mobile-none elementor-hidden-tablet elementor-hidden-mobile elementor-section-boxed elementor-section-height-default elementor-section-height-default\" data-id=\"20a37eb5\" data-element_type=\"section\">\n\t\t\t\t\t\t<div class=\"elementor-container elementor-column-gap-default\">\n\t\t\t\t\t\t\t<div class=\"elementor-row\">\n\t\t\t\t\t<div class=\"elementor-column elementor-col-100 elementor-top-column elementor-element elementor-element-791e8d14\" data-id=\"791e8d14\" data-element_type=\"column\">\n\t\t\t<div class=\"elementor-column-wrap elementor-element-populated\">\n\t\t\t\t\t\t\t<div class=\"elementor-widget-wrap\">\n\t\t\t\t\t\t<div class=\"elementor-element elementor-element-30795ff8 elementor-widget elementor-widget-image\" data-id=\"30795ff8\" data-element_type=\"widget\" data-widget_type=\"image.default\">\n\t\t\t\t<div class=\"elementor-widget-container\">\n\t\t\t\t\t\t\t\t<div class=\"elementor-image\">\n\t\t\t\t\t\t\t\t\t\t\t\t<img loading=\"lazy\" decoding=\"async\" width=\"394\" height=\"440\" src=\"https:\/\/libra-partners.pl\/wp-content\/uploads\/2023\/03\/lisc-blur-min.png\" class=\"attachment-large size-large wp-image-1192\" alt=\"\" srcset=\"https:\/\/libra-partners.pl\/wp-content\/uploads\/2023\/03\/lisc-blur-min.png 394w, https:\/\/libra-partners.pl\/wp-content\/uploads\/2023\/03\/lisc-blur-min-269x300.png 269w\" sizes=\"auto, (max-width: 394px) 100vw, 394px\" \/>\t\t\t\t\t\t\t\t\t\t\t\t\t\t<\/div>\n\t\t\t\t\t\t<\/div>\n\t\t\t\t<\/div>\n\t\t\t\t\t\t<\/div>\n\t\t\t\t\t<\/div>\n\t\t<\/div>\n\t\t\t\t\t\t\t\t<\/div>\n\t\t\t\t\t<\/div>\n\t\t<\/section>\n\t\t\t\t\t\t\t\t\t<\/div>\n\t\t\t<\/div>\n\t\t\t\t\t<\/div>\n\t\t","protected":false},"excerpt":{"rendered":"<p>\u00dcber uns LIBRA PARTNERS wurde von Maciej W\u0142odarczyk und Rafa\u0142 Szarza\u0142a gegr\u00fcndet und geh\u00f6rt zur SZARPOL-Gruppe mit Sitz in Sieradz. Bisher bestand die T\u00e4tigkeit der 1994 von Dr. J\u00f3zef Szarza\u0142a gegr\u00fcndeten SZARPOL-Gruppe in der Herstellung von Vliesstoffen aus Kunststoff \u2013 Polypropylen. Seitdem verf\u00fcgt SZARPOL \u00fcber eine stabile und etablierte Marktposition in der Produktion von Spinnvliesstoffen.LIBRA [&hellip;]<\/p>\n","protected":false},"author":1,"featured_media":0,"parent":0,"menu_order":0,"comment_status":"closed","ping_status":"closed","template":"elementor_header_footer","meta":{"footnotes":""},"class_list":["post-1361","page","type-page","status-publish","hentry"],"yoast_head":"<!-- This site is optimized with the Yoast SEO plugin v24.0 - https:\/\/yoast.com\/wordpress\/plugins\/seo\/ -->\n<title>\u00dcber uns - Libra Partners<\/title>\n<meta name=\"robots\" content=\"index, follow, max-snippet:-1, max-image-preview:large, max-video-preview:-1\" \/>\n<link rel=\"canonical\" href=\"https:\/\/libra-partners.pl\/de\/o-nas\/\" \/>\n<meta property=\"og:locale\" content=\"de_DE\" \/>\n<meta property=\"og:type\" content=\"article\" \/>\n<meta property=\"og:title\" content=\"\u00dcber uns - Libra Partners\" \/>\n<meta property=\"og:description\" content=\"\u00dcber uns LIBRA PARTNERS wurde von Maciej W\u0142odarczyk und Rafa\u0142 Szarza\u0142a gegr\u00fcndet und geh\u00f6rt zur SZARPOL-Gruppe mit Sitz in Sieradz. Bisher bestand die T\u00e4tigkeit der 1994 von Dr. J\u00f3zef Szarza\u0142a gegr\u00fcndeten SZARPOL-Gruppe in der Herstellung von Vliesstoffen aus Kunststoff \u2013 Polypropylen. Seitdem verf\u00fcgt SZARPOL \u00fcber eine stabile und etablierte Marktposition in der Produktion von Spinnvliesstoffen.LIBRA [&hellip;]\" \/>\n<meta property=\"og:url\" content=\"https:\/\/libra-partners.pl\/de\/o-nas\/\" \/>\n<meta property=\"og:site_name\" content=\"Libra Partners\" \/>\n<meta property=\"article:modified_time\" content=\"2023-06-12T11:49:42+00:00\" \/>\n<meta property=\"og:image\" content=\"https:\/\/libra-partners.pl\/wp-content\/uploads\/2023\/03\/lisc-blur-min.png\" \/>\n<meta name=\"twitter:card\" content=\"summary_large_image\" \/>\n<meta name=\"twitter:label1\" content=\"Gesch\u00e4tzte Lesezeit\" \/>\n\t<meta name=\"twitter:data1\" content=\"1\u00a0Minute\" \/>\n<script type=\"application\/ld+json\" class=\"yoast-schema-graph\">{\"@context\":\"https:\/\/schema.org\",\"@graph\":[{\"@type\":\"WebPage\",\"@id\":\"https:\/\/libra-partners.pl\/de\/o-nas\/\",\"url\":\"https:\/\/libra-partners.pl\/de\/o-nas\/\",\"name\":\"\u00dcber uns - Libra Partners\",\"isPartOf\":{\"@id\":\"https:\/\/libra-partners.pl\/de\/#website\"},\"primaryImageOfPage\":{\"@id\":\"https:\/\/libra-partners.pl\/de\/o-nas\/#primaryimage\"},\"image\":{\"@id\":\"https:\/\/libra-partners.pl\/de\/o-nas\/#primaryimage\"},\"thumbnailUrl\":\"https:\/\/libra-partners.pl\/wp-content\/uploads\/2023\/03\/lisc-blur-min.png\",\"datePublished\":\"2023-03-22T06:36:16+00:00\",\"dateModified\":\"2023-06-12T11:49:42+00:00\",\"breadcrumb\":{\"@id\":\"https:\/\/libra-partners.pl\/de\/o-nas\/#breadcrumb\"},\"inLanguage\":\"de\",\"potentialAction\":[{\"@type\":\"ReadAction\",\"target\":[\"https:\/\/libra-partners.pl\/de\/o-nas\/\"]}]},{\"@type\":\"ImageObject\",\"inLanguage\":\"de\",\"@id\":\"https:\/\/libra-partners.pl\/de\/o-nas\/#primaryimage\",\"url\":\"https:\/\/libra-partners.pl\/wp-content\/uploads\/2023\/03\/lisc-blur-min.png\",\"contentUrl\":\"https:\/\/libra-partners.pl\/wp-content\/uploads\/2023\/03\/lisc-blur-min.png\"},{\"@type\":\"BreadcrumbList\",\"@id\":\"https:\/\/libra-partners.pl\/de\/o-nas\/#breadcrumb\",\"itemListElement\":[{\"@type\":\"ListItem\",\"position\":1,\"name\":\"Strona g\u0142\u00f3wna\",\"item\":\"https:\/\/libra-partners.pl\/de\/\"},{\"@type\":\"ListItem\",\"position\":2,\"name\":\"\u00dcber uns\"}]},{\"@type\":\"WebSite\",\"@id\":\"https:\/\/libra-partners.pl\/de\/#website\",\"url\":\"https:\/\/libra-partners.pl\/de\/\",\"name\":\"Libra Partners\",\"description\":\"\",\"publisher\":{\"@id\":\"https:\/\/libra-partners.pl\/de\/#organization\"},\"potentialAction\":[{\"@type\":\"SearchAction\",\"target\":{\"@type\":\"EntryPoint\",\"urlTemplate\":\"https:\/\/libra-partners.pl\/de\/?s={search_term_string}\"},\"query-input\":{\"@type\":\"PropertyValueSpecification\",\"valueRequired\":true,\"valueName\":\"search_term_string\"}}],\"inLanguage\":\"de\"},{\"@type\":\"Organization\",\"@id\":\"https:\/\/libra-partners.pl\/de\/#organization\",\"name\":\"Libra Partners\",\"url\":\"https:\/\/libra-partners.pl\/de\/\",\"logo\":{\"@type\":\"ImageObject\",\"inLanguage\":\"de\",\"@id\":\"https:\/\/libra-partners.pl\/de\/#\/schema\/logo\/image\/\",\"url\":\"https:\/\/libra-partners.pl\/wp-content\/uploads\/2023\/03\/Group-255.svg\",\"contentUrl\":\"https:\/\/libra-partners.pl\/wp-content\/uploads\/2023\/03\/Group-255.svg\",\"width\":230,\"height\":78,\"caption\":\"Libra Partners\"},\"image\":{\"@id\":\"https:\/\/libra-partners.pl\/de\/#\/schema\/logo\/image\/\"}}]}<\/script>\n<!-- \/ Yoast SEO plugin. -->","yoast_head_json":{"title":"\u00dcber uns - Libra Partners","robots":{"index":"index","follow":"follow","max-snippet":"max-snippet:-1","max-image-preview":"max-image-preview:large","max-video-preview":"max-video-preview:-1"},"canonical":"https:\/\/libra-partners.pl\/de\/o-nas\/","og_locale":"de_DE","og_type":"article","og_title":"\u00dcber uns - Libra Partners","og_description":"\u00dcber uns LIBRA PARTNERS wurde von Maciej W\u0142odarczyk und Rafa\u0142 Szarza\u0142a gegr\u00fcndet und geh\u00f6rt zur SZARPOL-Gruppe mit Sitz in Sieradz. Bisher bestand die T\u00e4tigkeit der 1994 von Dr. J\u00f3zef Szarza\u0142a gegr\u00fcndeten SZARPOL-Gruppe in der Herstellung von Vliesstoffen aus Kunststoff \u2013 Polypropylen. Seitdem verf\u00fcgt SZARPOL \u00fcber eine stabile und etablierte Marktposition in der Produktion von Spinnvliesstoffen.LIBRA [&hellip;]","og_url":"https:\/\/libra-partners.pl\/de\/o-nas\/","og_site_name":"Libra Partners","article_modified_time":"2023-06-12T11:49:42+00:00","og_image":[{"url":"https:\/\/libra-partners.pl\/wp-content\/uploads\/2023\/03\/lisc-blur-min.png","type":"","width":"","height":""}],"twitter_card":"summary_large_image","twitter_misc":{"Gesch\u00e4tzte Lesezeit":"1\u00a0Minute"},"schema":{"@context":"https:\/\/schema.org","@graph":[{"@type":"WebPage","@id":"https:\/\/libra-partners.pl\/de\/o-nas\/","url":"https:\/\/libra-partners.pl\/de\/o-nas\/","name":"\u00dcber uns - Libra Partners","isPartOf":{"@id":"https:\/\/libra-partners.pl\/de\/#website"},"primaryImageOfPage":{"@id":"https:\/\/libra-partners.pl\/de\/o-nas\/#primaryimage"},"image":{"@id":"https:\/\/libra-partners.pl\/de\/o-nas\/#primaryimage"},"thumbnailUrl":"https:\/\/libra-partners.pl\/wp-content\/uploads\/2023\/03\/lisc-blur-min.png","datePublished":"2023-03-22T06:36:16+00:00","dateModified":"2023-06-12T11:49:42+00:00","breadcrumb":{"@id":"https:\/\/libra-partners.pl\/de\/o-nas\/#breadcrumb"},"inLanguage":"de","potentialAction":[{"@type":"ReadAction","target":["https:\/\/libra-partners.pl\/de\/o-nas\/"]}]},{"@type":"ImageObject","inLanguage":"de","@id":"https:\/\/libra-partners.pl\/de\/o-nas\/#primaryimage","url":"https:\/\/libra-partners.pl\/wp-content\/uploads\/2023\/03\/lisc-blur-min.png","contentUrl":"https:\/\/libra-partners.pl\/wp-content\/uploads\/2023\/03\/lisc-blur-min.png"},{"@type":"BreadcrumbList","@id":"https:\/\/libra-partners.pl\/de\/o-nas\/#breadcrumb","itemListElement":[{"@type":"ListItem","position":1,"name":"Strona g\u0142\u00f3wna","item":"https:\/\/libra-partners.pl\/de\/"},{"@type":"ListItem","position":2,"name":"\u00dcber uns"}]},{"@type":"WebSite","@id":"https:\/\/libra-partners.pl\/de\/#website","url":"https:\/\/libra-partners.pl\/de\/","name":"Libra Partners","description":"","publisher":{"@id":"https:\/\/libra-partners.pl\/de\/#organization"},"potentialAction":[{"@type":"SearchAction","target":{"@type":"EntryPoint","urlTemplate":"https:\/\/libra-partners.pl\/de\/?s={search_term_string}"},"query-input":{"@type":"PropertyValueSpecification","valueRequired":true,"valueName":"search_term_string"}}],"inLanguage":"de"},{"@type":"Organization","@id":"https:\/\/libra-partners.pl\/de\/#organization","name":"Libra Partners","url":"https:\/\/libra-partners.pl\/de\/","logo":{"@type":"ImageObject","inLanguage":"de","@id":"https:\/\/libra-partners.pl\/de\/#\/schema\/logo\/image\/","url":"https:\/\/libra-partners.pl\/wp-content\/uploads\/2023\/03\/Group-255.svg","contentUrl":"https:\/\/libra-partners.pl\/wp-content\/uploads\/2023\/03\/Group-255.svg","width":230,"height":78,"caption":"Libra Partners"},"image":{"@id":"https:\/\/libra-partners.pl\/de\/#\/schema\/logo\/image\/"}}]}},"_links":{"self":[{"href":"https:\/\/libra-partners.pl\/de\/wp-json\/wp\/v2\/pages\/1361","targetHints":{"allow":["GET"]}}],"collection":[{"href":"https:\/\/libra-partners.pl\/de\/wp-json\/wp\/v2\/pages"}],"about":[{"href":"https:\/\/libra-partners.pl\/de\/wp-json\/wp\/v2\/types\/page"}],"author":[{"embeddable":true,"href":"https:\/\/libra-partners.pl\/de\/wp-json\/wp\/v2\/users\/1"}],"replies":[{"embeddable":true,"href":"https:\/\/libra-partners.pl\/de\/wp-json\/wp\/v2\/comments?post=1361"}],"version-history":[{"count":14,"href":"https:\/\/libra-partners.pl\/de\/wp-json\/wp\/v2\/pages\/1361\/revisions"}],"predecessor-version":[{"id":2869,"href":"https:\/\/libra-partners.pl\/de\/wp-json\/wp\/v2\/pages\/1361\/revisions\/2869"}],"wp:attachment":[{"href":"https:\/\/libra-partners.pl\/de\/wp-json\/wp\/v2\/media?parent=1361"}],"curies":[{"name":"wp","href":"https:\/\/api.w.org\/{rel}","templated":true}]}}