{"id":1360,"date":"2023-03-22T07:36:16","date_gmt":"2023-03-22T06:36:16","guid":{"rendered":"https:\/\/libra-partners.pl\/o-nas\/"},"modified":"2023-06-16T10:55:03","modified_gmt":"2023-06-16T08:55:03","slug":"o-nas","status":"publish","type":"page","link":"https:\/\/libra-partners.pl\/en\/o-nas\/","title":{"rendered":"About us"},"content":{"rendered":"\t\t<div data-elementor-type=\"wp-page\" data-elementor-id=\"1360\" class=\"elementor elementor-1360 elementor-57\">\n\t\t\t\t\t\t<div class=\"elementor-inner\">\n\t\t\t\t<div class=\"elementor-section-wrap\">\n\t\t\t\t\t\t\t\t\t<section class=\"elementor-section elementor-top-section elementor-element elementor-element-682783ec elementor-section-boxed elementor-section-height-default elementor-section-height-default\" data-id=\"682783ec\" data-element_type=\"section\">\n\t\t\t\t\t\t<div class=\"elementor-container elementor-column-gap-default\">\n\t\t\t\t\t\t\t<div class=\"elementor-row\">\n\t\t\t\t\t<div class=\"elementor-column elementor-col-100 elementor-top-column elementor-element elementor-element-685def42\" data-id=\"685def42\" data-element_type=\"column\">\n\t\t\t<div class=\"elementor-column-wrap elementor-element-populated\">\n\t\t\t\t\t\t\t<div class=\"elementor-widget-wrap\">\n\t\t\t\t\t\t<div class=\"elementor-element elementor-element-5fe052ac elementor-widget__width-auto elementor-widget-divider--view-line elementor-widget elementor-widget-divider\" data-id=\"5fe052ac\" data-element_type=\"widget\" data-widget_type=\"divider.default\">\n\t\t\t\t<div class=\"elementor-widget-container\">\n\t\t\t\t\t<div class=\"elementor-divider\">\n\t\t\t<span class=\"elementor-divider-separator\">\n\t\t\t\t\t\t<\/span>\n\t\t<\/div>\n\t\t\t\t<\/div>\n\t\t\t\t<\/div>\n\t\t\t\t<div class=\"elementor-element elementor-element-2ae816a elementor-widget__width-auto elementor-widget elementor-widget-heading\" data-id=\"2ae816a\" data-element_type=\"widget\" data-widget_type=\"heading.default\">\n\t\t\t\t<div class=\"elementor-widget-container\">\n\t\t\t<h2 class=\"elementor-heading-title elementor-size-default\">About us<\/h2>\t\t<\/div>\n\t\t\t\t<\/div>\n\t\t\t\t\t\t<\/div>\n\t\t\t\t\t<\/div>\n\t\t<\/div>\n\t\t\t\t\t\t\t\t<\/div>\n\t\t\t\t\t<\/div>\n\t\t<\/section>\n\t\t\t\t<section class=\"elementor-section elementor-top-section elementor-element elementor-element-144aa91e elementor-section-boxed elementor-section-height-default elementor-section-height-default\" data-id=\"144aa91e\" data-element_type=\"section\">\n\t\t\t\t\t\t<div class=\"elementor-container elementor-column-gap-default\">\n\t\t\t\t\t\t\t<div class=\"elementor-row\">\n\t\t\t\t\t<div class=\"elementor-column elementor-col-100 elementor-top-column elementor-element elementor-element-648c724c\" data-id=\"648c724c\" data-element_type=\"column\">\n\t\t\t<div class=\"elementor-column-wrap elementor-element-populated\">\n\t\t\t\t\t\t\t<div class=\"elementor-widget-wrap\">\n\t\t\t\t\t\t<div class=\"elementor-element elementor-element-10939143 elementor-widget elementor-widget-text-editor\" data-id=\"10939143\" data-element_type=\"widget\" data-widget_type=\"text-editor.default\">\n\t\t\t\t<div class=\"elementor-widget-container\">\n\t\t\t\t\t\t\t\t<div class=\"elementor-text-editor elementor-clearfix\">\n\t\t\t\t<p>LIBRA PARTNERS was founded by Maciej W\u0142odarczyk and Rafa\u0142 Szarza\u0142a and belongs to the SZARPOL group based in Sieradz. <br \/>So far, the activity of the SZARPOL group, founded in 1994 by Dr. J\u00f3zef Szarza\u0142a, consisted in the production of non-woven fabrics made of plastic &#8211; polypropylene. Since then, SZARPOL has had a stable and well-established market position in the production of spunbond nonwovens.<br \/>LIBRA PARTNERS is the result of the search for solutions that will enable us to offer an innovative product, not yet offered by other entities. <br \/>The mission of LIBRA PARTNERS is to become a key player in the field of sustainable development, a concept that will undoubtedly shape the company&#8217;s guidelines in the coming generation by producing innovative transport pallets from recycled materials.<\/p>\n<p>LIBRA PARTNERS recycled plastic pallets aim to improve the environmental impact of our customers&#8217; logistics operations by using them in the following aspects:<br \/>&#8211; Reduction of CO2 emissions in the transport of goods due to less use of fossil fuels, given their lower weight compared to alternative wooden pallets.<br \/>&#8211; Rebalancing the balance between generated waste and recovered waste. Each of our solutions gives a new life cycle to waste from other uses, such as packaging.<br \/>&#8211; Eliminate end-of-life waste by recycling our solutions, which never end up in a landfill.<br \/>&#8211; Reducing the carbon footprint of logistics activities by reducing the fuel and energy consumption of the means of transport, as well as by having a longer life cycle compared to wooden pallets.<br \/>LIBRA PARTNERS, thanks to the production of pallets from recycled HDPE raw material, perfectly fits into the principles of Sustainable Development, Circularity and the 6R Principles.<\/p>\n\t\t\t\t\t<\/div>\n\t\t\t\t\t\t<\/div>\n\t\t\t\t<\/div>\n\t\t\t\t\t\t<\/div>\n\t\t\t\t\t<\/div>\n\t\t<\/div>\n\t\t\t\t\t\t\t\t<\/div>\n\t\t\t\t\t<\/div>\n\t\t<\/section>\n\t\t\t\t<section class=\"elementor-section elementor-top-section elementor-element elementor-element-20a37eb5 d-mobile-none elementor-hidden-tablet elementor-hidden-mobile elementor-section-boxed elementor-section-height-default elementor-section-height-default\" data-id=\"20a37eb5\" data-element_type=\"section\">\n\t\t\t\t\t\t<div class=\"elementor-container elementor-column-gap-default\">\n\t\t\t\t\t\t\t<div class=\"elementor-row\">\n\t\t\t\t\t<div class=\"elementor-column elementor-col-100 elementor-top-column elementor-element elementor-element-791e8d14\" data-id=\"791e8d14\" data-element_type=\"column\">\n\t\t\t<div class=\"elementor-column-wrap elementor-element-populated\">\n\t\t\t\t\t\t\t<div class=\"elementor-widget-wrap\">\n\t\t\t\t\t\t<div class=\"elementor-element elementor-element-30795ff8 elementor-widget elementor-widget-image\" data-id=\"30795ff8\" data-element_type=\"widget\" data-widget_type=\"image.default\">\n\t\t\t\t<div class=\"elementor-widget-container\">\n\t\t\t\t\t\t\t\t<div class=\"elementor-image\">\n\t\t\t\t\t\t\t\t\t\t\t\t<img loading=\"lazy\" decoding=\"async\" width=\"394\" height=\"440\" src=\"https:\/\/libra-partners.pl\/wp-content\/uploads\/2023\/03\/lisc-blur-min.png\" class=\"attachment-large size-large wp-image-1191\" alt=\"\" srcset=\"https:\/\/libra-partners.pl\/wp-content\/uploads\/2023\/03\/lisc-blur-min.png 394w, https:\/\/libra-partners.pl\/wp-content\/uploads\/2023\/03\/lisc-blur-min-269x300.png 269w\" sizes=\"auto, (max-width: 394px) 100vw, 394px\" \/>\t\t\t\t\t\t\t\t\t\t\t\t\t\t<\/div>\n\t\t\t\t\t\t<\/div>\n\t\t\t\t<\/div>\n\t\t\t\t\t\t<\/div>\n\t\t\t\t\t<\/div>\n\t\t<\/div>\n\t\t\t\t\t\t\t\t<\/div>\n\t\t\t\t\t<\/div>\n\t\t<\/section>\n\t\t\t\t\t\t\t\t\t<\/div>\n\t\t\t<\/div>\n\t\t\t\t\t<\/div>\n\t\t","protected":false},"excerpt":{"rendered":"<p>About us LIBRA PARTNERS was founded by Maciej W\u0142odarczyk and Rafa\u0142 Szarza\u0142a and belongs to the SZARPOL group based in Sieradz. So far, the activity of the SZARPOL group, founded in 1994 by Dr. J\u00f3zef Szarza\u0142a, consisted in the production of non-woven fabrics made of plastic &#8211; polypropylene. Since then, SZARPOL has had a stable [&hellip;]<\/p>\n","protected":false},"author":1,"featured_media":0,"parent":0,"menu_order":0,"comment_status":"closed","ping_status":"closed","template":"elementor_header_footer","meta":{"footnotes":""},"class_list":["post-1360","page","type-page","status-publish","hentry"],"yoast_head":"<!-- This site is optimized with the Yoast SEO plugin v24.0 - https:\/\/yoast.com\/wordpress\/plugins\/seo\/ -->\n<title>About us - Libra Partners<\/title>\n<meta name=\"robots\" content=\"index, follow, max-snippet:-1, max-image-preview:large, max-video-preview:-1\" \/>\n<link rel=\"canonical\" href=\"https:\/\/libra-partners.pl\/en\/o-nas\/\" \/>\n<meta property=\"og:locale\" content=\"en_US\" \/>\n<meta property=\"og:type\" content=\"article\" \/>\n<meta property=\"og:title\" content=\"About us - Libra Partners\" \/>\n<meta property=\"og:description\" content=\"About us LIBRA PARTNERS was founded by Maciej W\u0142odarczyk and Rafa\u0142 Szarza\u0142a and belongs to the SZARPOL group based in Sieradz. So far, the activity of the SZARPOL group, founded in 1994 by Dr. J\u00f3zef Szarza\u0142a, consisted in the production of non-woven fabrics made of plastic &#8211; polypropylene. Since then, SZARPOL has had a stable [&hellip;]\" \/>\n<meta property=\"og:url\" content=\"https:\/\/libra-partners.pl\/en\/o-nas\/\" \/>\n<meta property=\"og:site_name\" content=\"Libra Partners\" \/>\n<meta property=\"article:modified_time\" content=\"2023-06-16T08:55:03+00:00\" \/>\n<meta property=\"og:image\" content=\"https:\/\/libra-partners.pl\/wp-content\/uploads\/2023\/03\/lisc-blur-min.png\" \/>\n<meta name=\"twitter:card\" content=\"summary_large_image\" \/>\n<meta name=\"twitter:label1\" content=\"Est. reading time\" \/>\n\t<meta name=\"twitter:data1\" content=\"3 minutes\" \/>\n<script type=\"application\/ld+json\" class=\"yoast-schema-graph\">{\"@context\":\"https:\/\/schema.org\",\"@graph\":[{\"@type\":\"WebPage\",\"@id\":\"https:\/\/libra-partners.pl\/en\/o-nas\/\",\"url\":\"https:\/\/libra-partners.pl\/en\/o-nas\/\",\"name\":\"About us - Libra Partners\",\"isPartOf\":{\"@id\":\"https:\/\/libra-partners.pl\/en\/#website\"},\"primaryImageOfPage\":{\"@id\":\"https:\/\/libra-partners.pl\/en\/o-nas\/#primaryimage\"},\"image\":{\"@id\":\"https:\/\/libra-partners.pl\/en\/o-nas\/#primaryimage\"},\"thumbnailUrl\":\"https:\/\/libra-partners.pl\/wp-content\/uploads\/2023\/03\/lisc-blur-min.png\",\"datePublished\":\"2023-03-22T06:36:16+00:00\",\"dateModified\":\"2023-06-16T08:55:03+00:00\",\"breadcrumb\":{\"@id\":\"https:\/\/libra-partners.pl\/en\/o-nas\/#breadcrumb\"},\"inLanguage\":\"en-US\",\"potentialAction\":[{\"@type\":\"ReadAction\",\"target\":[\"https:\/\/libra-partners.pl\/en\/o-nas\/\"]}]},{\"@type\":\"ImageObject\",\"inLanguage\":\"en-US\",\"@id\":\"https:\/\/libra-partners.pl\/en\/o-nas\/#primaryimage\",\"url\":\"https:\/\/libra-partners.pl\/wp-content\/uploads\/2023\/03\/lisc-blur-min.png\",\"contentUrl\":\"https:\/\/libra-partners.pl\/wp-content\/uploads\/2023\/03\/lisc-blur-min.png\"},{\"@type\":\"BreadcrumbList\",\"@id\":\"https:\/\/libra-partners.pl\/en\/o-nas\/#breadcrumb\",\"itemListElement\":[{\"@type\":\"ListItem\",\"position\":1,\"name\":\"Strona g\u0142\u00f3wna\",\"item\":\"https:\/\/libra-partners.pl\/en\/\"},{\"@type\":\"ListItem\",\"position\":2,\"name\":\"About us\"}]},{\"@type\":\"WebSite\",\"@id\":\"https:\/\/libra-partners.pl\/en\/#website\",\"url\":\"https:\/\/libra-partners.pl\/en\/\",\"name\":\"Libra Partners\",\"description\":\"\",\"publisher\":{\"@id\":\"https:\/\/libra-partners.pl\/en\/#organization\"},\"potentialAction\":[{\"@type\":\"SearchAction\",\"target\":{\"@type\":\"EntryPoint\",\"urlTemplate\":\"https:\/\/libra-partners.pl\/en\/?s={search_term_string}\"},\"query-input\":{\"@type\":\"PropertyValueSpecification\",\"valueRequired\":true,\"valueName\":\"search_term_string\"}}],\"inLanguage\":\"en-US\"},{\"@type\":\"Organization\",\"@id\":\"https:\/\/libra-partners.pl\/en\/#organization\",\"name\":\"Libra Partners\",\"url\":\"https:\/\/libra-partners.pl\/en\/\",\"logo\":{\"@type\":\"ImageObject\",\"inLanguage\":\"en-US\",\"@id\":\"https:\/\/libra-partners.pl\/en\/#\/schema\/logo\/image\/\",\"url\":\"https:\/\/libra-partners.pl\/wp-content\/uploads\/2023\/03\/Group-255.svg\",\"contentUrl\":\"https:\/\/libra-partners.pl\/wp-content\/uploads\/2023\/03\/Group-255.svg\",\"width\":230,\"height\":78,\"caption\":\"Libra Partners\"},\"image\":{\"@id\":\"https:\/\/libra-partners.pl\/en\/#\/schema\/logo\/image\/\"}}]}<\/script>\n<!-- \/ Yoast SEO plugin. -->","yoast_head_json":{"title":"About us - Libra Partners","robots":{"index":"index","follow":"follow","max-snippet":"max-snippet:-1","max-image-preview":"max-image-preview:large","max-video-preview":"max-video-preview:-1"},"canonical":"https:\/\/libra-partners.pl\/en\/o-nas\/","og_locale":"en_US","og_type":"article","og_title":"About us - Libra Partners","og_description":"About us LIBRA PARTNERS was founded by Maciej W\u0142odarczyk and Rafa\u0142 Szarza\u0142a and belongs to the SZARPOL group based in Sieradz. So far, the activity of the SZARPOL group, founded in 1994 by Dr. J\u00f3zef Szarza\u0142a, consisted in the production of non-woven fabrics made of plastic &#8211; polypropylene. Since then, SZARPOL has had a stable [&hellip;]","og_url":"https:\/\/libra-partners.pl\/en\/o-nas\/","og_site_name":"Libra Partners","article_modified_time":"2023-06-16T08:55:03+00:00","og_image":[{"url":"https:\/\/libra-partners.pl\/wp-content\/uploads\/2023\/03\/lisc-blur-min.png","type":"","width":"","height":""}],"twitter_card":"summary_large_image","twitter_misc":{"Est. reading time":"3 minutes"},"schema":{"@context":"https:\/\/schema.org","@graph":[{"@type":"WebPage","@id":"https:\/\/libra-partners.pl\/en\/o-nas\/","url":"https:\/\/libra-partners.pl\/en\/o-nas\/","name":"About us - Libra Partners","isPartOf":{"@id":"https:\/\/libra-partners.pl\/en\/#website"},"primaryImageOfPage":{"@id":"https:\/\/libra-partners.pl\/en\/o-nas\/#primaryimage"},"image":{"@id":"https:\/\/libra-partners.pl\/en\/o-nas\/#primaryimage"},"thumbnailUrl":"https:\/\/libra-partners.pl\/wp-content\/uploads\/2023\/03\/lisc-blur-min.png","datePublished":"2023-03-22T06:36:16+00:00","dateModified":"2023-06-16T08:55:03+00:00","breadcrumb":{"@id":"https:\/\/libra-partners.pl\/en\/o-nas\/#breadcrumb"},"inLanguage":"en-US","potentialAction":[{"@type":"ReadAction","target":["https:\/\/libra-partners.pl\/en\/o-nas\/"]}]},{"@type":"ImageObject","inLanguage":"en-US","@id":"https:\/\/libra-partners.pl\/en\/o-nas\/#primaryimage","url":"https:\/\/libra-partners.pl\/wp-content\/uploads\/2023\/03\/lisc-blur-min.png","contentUrl":"https:\/\/libra-partners.pl\/wp-content\/uploads\/2023\/03\/lisc-blur-min.png"},{"@type":"BreadcrumbList","@id":"https:\/\/libra-partners.pl\/en\/o-nas\/#breadcrumb","itemListElement":[{"@type":"ListItem","position":1,"name":"Strona g\u0142\u00f3wna","item":"https:\/\/libra-partners.pl\/en\/"},{"@type":"ListItem","position":2,"name":"About us"}]},{"@type":"WebSite","@id":"https:\/\/libra-partners.pl\/en\/#website","url":"https:\/\/libra-partners.pl\/en\/","name":"Libra Partners","description":"","publisher":{"@id":"https:\/\/libra-partners.pl\/en\/#organization"},"potentialAction":[{"@type":"SearchAction","target":{"@type":"EntryPoint","urlTemplate":"https:\/\/libra-partners.pl\/en\/?s={search_term_string}"},"query-input":{"@type":"PropertyValueSpecification","valueRequired":true,"valueName":"search_term_string"}}],"inLanguage":"en-US"},{"@type":"Organization","@id":"https:\/\/libra-partners.pl\/en\/#organization","name":"Libra Partners","url":"https:\/\/libra-partners.pl\/en\/","logo":{"@type":"ImageObject","inLanguage":"en-US","@id":"https:\/\/libra-partners.pl\/en\/#\/schema\/logo\/image\/","url":"https:\/\/libra-partners.pl\/wp-content\/uploads\/2023\/03\/Group-255.svg","contentUrl":"https:\/\/libra-partners.pl\/wp-content\/uploads\/2023\/03\/Group-255.svg","width":230,"height":78,"caption":"Libra Partners"},"image":{"@id":"https:\/\/libra-partners.pl\/en\/#\/schema\/logo\/image\/"}}]}},"_links":{"self":[{"href":"https:\/\/libra-partners.pl\/en\/wp-json\/wp\/v2\/pages\/1360","targetHints":{"allow":["GET"]}}],"collection":[{"href":"https:\/\/libra-partners.pl\/en\/wp-json\/wp\/v2\/pages"}],"about":[{"href":"https:\/\/libra-partners.pl\/en\/wp-json\/wp\/v2\/types\/page"}],"author":[{"embeddable":true,"href":"https:\/\/libra-partners.pl\/en\/wp-json\/wp\/v2\/users\/1"}],"replies":[{"embeddable":true,"href":"https:\/\/libra-partners.pl\/en\/wp-json\/wp\/v2\/comments?post=1360"}],"version-history":[{"count":14,"href":"https:\/\/libra-partners.pl\/en\/wp-json\/wp\/v2\/pages\/1360\/revisions"}],"predecessor-version":[{"id":2919,"href":"https:\/\/libra-partners.pl\/en\/wp-json\/wp\/v2\/pages\/1360\/revisions\/2919"}],"wp:attachment":[{"href":"https:\/\/libra-partners.pl\/en\/wp-json\/wp\/v2\/media?parent=1360"}],"curies":[{"name":"wp","href":"https:\/\/api.w.org\/{rel}","templated":true}]}}